{"id":12164,"date":"2026-01-10T13:48:48","date_gmt":"2026-01-10T13:48:48","guid":{"rendered":"https:\/\/www.steel-plate.com\/?page_id=12164"},"modified":"2026-01-10T14:29:20","modified_gmt":"2026-01-10T14:29:20","slug":"product","status":"publish","type":"page","link":"https:\/\/www.steel-plate.com\/es\/product\/","title":{"rendered":"Productos"},"content":{"rendered":"<div data-elementor-type=\"wp-page\" data-elementor-id=\"12164\" class=\"elementor elementor-12164\" data-elementor-post-type=\"page\">\n\t\t\t\t<div class=\"elementor-element elementor-element-a4d1272 e-flex e-con-boxed e-con e-parent\" data-id=\"a4d1272\" data-element_type=\"container\" data-e-type=\"container\">\n\t\t\t\t\t<div class=\"e-con-inner\">\n\t\t\t\t<div class=\"elementor-element elementor-element-2b6b597 elementor-widget elementor-widget-cz_title\" data-id=\"2b6b597\" data-element_type=\"widget\" data-e-type=\"widget\" data-widget_type=\"cz_title.default\">\n\t\t\t\t<div class=\"elementor-widget-container\">\n\t\t\t\t\t\t\r\n\t\t<div>\r\n\t\t\t<div class=\"cz_title clr cz_title_pos_inline\"><div class=\"cz_title_content\"><div class=\"cz_wpe_content\"><h2 class=\"elementor-heading-title elementor-size-default elementor-inline-editing pen\" contenteditable=\"true\" data-elementor-setting-key=\"title\" data-pen-placeholder=\"\u5728\u6b64\u8f93\u5165...\">Nuestros Productos<\/h2><\/div><\/div><\/div>\r\n\t\t<\/div>\r\n\t\t\r\n\t\t\t\t\t\t<\/div>\n\t\t\t\t<\/div>\n\t\t\t\t<div class=\"elementor-element elementor-element-c781f69 elementor-widget-divider--view-line elementor-widget elementor-widget-divider\" data-id=\"c781f69\" data-element_type=\"widget\" data-e-type=\"widget\" data-widget_type=\"divider.default\">\n\t\t\t\t\t\t\t<div class=\"elementor-divider\">\n\t\t\t<span class=\"elementor-divider-separator\">\n\t\t\t\t\t\t<\/span>\n\t\t<\/div>\n\t\t\t\t\t\t<\/div>\n\t\t\t\t<div class=\"elementor-element elementor-element-b14c08b elementor-widget elementor-widget-text-editor\" data-id=\"b14c08b\" data-element_type=\"widget\" data-e-type=\"widget\" data-widget_type=\"text-editor.default\">\n\t\t\t\t\t\t\t\t\t<p>TongHui es un proveedor y fabricante confiable de acero, aluminio, chapas, l\u00e1minas, tubos y bobinas de acero inoxidable. Entregamos productos met\u00e1licos de alta calidad para proyectos industriales y de construcci\u00f3n. Cont\u00e1ctanos para cotizaciones.<\/p>\t\t\t\t\t\t\t\t<\/div>\n\t\t\t\t<div class=\"elementor-element elementor-element-18cdc3d elementor-align-center elementor-widget__width-initial elementor-widget elementor-widget-button\" data-id=\"18cdc3d\" data-element_type=\"widget\" data-e-type=\"widget\" data-widget_type=\"button.default\">\n\t\t\t\t\t\t\t\t\t\t<a class=\"elementor-button elementor-button-link elementor-size-sm elementor-animation-grow\" href=\"#elementor-action%3Aaction%3Dpopup%3Aopen%26settings%3DeyJpZCI6IjEwNjMxIiwidG9nZ2xlIjpmYWxzZX0%3D\">\n\t\t\t\t\t\t<span class=\"elementor-button-content-wrapper\">\n\t\t\t\t\t\t\t\t\t<span class=\"elementor-button-text\">Solicitar un Presupuesto<\/span>\n\t\t\t\t\t<\/span>\n\t\t\t\t\t<\/a>\n\t\t\t\t\t\t\t\t<\/div>\n\t\t<div class=\"elementor-element elementor-element-393fec5 e-con-full e-flex e-con e-child\" data-id=\"393fec5\" data-element_type=\"container\" data-e-type=\"container\">\n\t\t<div class=\"elementor-element elementor-element-369f6b0 e-con-full e-flex e-con e-child\" data-id=\"369f6b0\" data-element_type=\"container\" data-e-type=\"container\">\n\t\t\t\t<div class=\"elementor-element elementor-element-7803954 elementor-position-top elementor-widget elementor-widget-image-box\" data-id=\"7803954\" data-element_type=\"widget\" data-e-type=\"widget\" data-widget_type=\"image-box.default\">\n\t\t\t\t\t<div class=\"elementor-image-box-wrapper\"><figure class=\"elementor-image-box-img\"><a href=\"https:\/\/www.steel-plate.com\/es\/steel-plate\/\" target=\"_blank\" tabindex=\"-1\"><img decoding=\"async\" src=\"https:\/\/www.steel-plate.com\/wp-content\/uploads\/elementor\/thumbs\/steel-plate-rhga9gq8fx80dmctzr2pfo6rz7tye6ucp86tx1sho0.jpg\" title=\"\" alt=\"Chapa de Acero\" class=\"elementor-animation-shrink\" loading=\"lazy\" \/><\/a><\/figure><div class=\"elementor-image-box-content\"><h3 class=\"elementor-image-box-title\"><a href=\"https:\/\/www.steel-plate.com\/es\/steel-plate\/\" target=\"_blank\">Placa De Acero<\/a><\/h3><\/div><\/div>\t\t\t\t<\/div>\n\t\t\t\t<\/div>\n\t\t<div class=\"elementor-element elementor-element-01ca37d e-con-full e-flex e-con e-child\" data-id=\"01ca37d\" data-element_type=\"container\" data-e-type=\"container\">\n\t\t\t\t<\/div>\n\t\t<div class=\"elementor-element elementor-element-ae9e8d5 e-con-full e-flex e-con e-child\" data-id=\"ae9e8d5\" data-element_type=\"container\" data-e-type=\"container\">\n\t\t\t\t<\/div>\n\t\t<div class=\"elementor-element elementor-element-e5b689f e-con-full e-flex e-con e-child\" data-id=\"e5b689f\" data-element_type=\"container\" data-e-type=\"container\">\n\t\t\t\t<\/div>\n\t\t\t\t<\/div>\n\t\t\t\t\t<\/div>\n\t\t\t\t<\/div>\n\t\t<div class=\"elementor-element elementor-element-76318a9 e-flex e-con-boxed e-con e-parent\" data-id=\"76318a9\" data-element_type=\"container\" data-e-type=\"container\">\n\t\t\t\t\t<div class=\"e-con-inner\">\n\t\t\t\t\t<\/div>\n\t\t\t\t<\/div>\n\t\t\t\t<\/div>","protected":false},"excerpt":{"rendered":"<p>Our Products\u200b TongHui is a trusted supplier &amp; manufacturer of steel, &#8230; <\/p>","protected":false},"author":1,"featured_media":0,"parent":0,"menu_order":0,"comment_status":"closed","ping_status":"closed","template":"","meta":{"_acf_changed":false,"footnotes":""},"class_list":["post-12164","page","type-page","status-publish","hentry"],"acf":[],"_hostinger_reach_plugin_has_subscription_block":false,"_hostinger_reach_plugin_is_elementor":false,"_links":{"self":[{"href":"https:\/\/www.steel-plate.com\/es\/wp-json\/wp\/v2\/pages\/12164","targetHints":{"allow":["GET"]}}],"collection":[{"href":"https:\/\/www.steel-plate.com\/es\/wp-json\/wp\/v2\/pages"}],"about":[{"href":"https:\/\/www.steel-plate.com\/es\/wp-json\/wp\/v2\/types\/page"}],"author":[{"embeddable":true,"href":"https:\/\/www.steel-plate.com\/es\/wp-json\/wp\/v2\/users\/1"}],"replies":[{"embeddable":true,"href":"https:\/\/www.steel-plate.com\/es\/wp-json\/wp\/v2\/comments?post=12164"}],"version-history":[{"count":24,"href":"https:\/\/www.steel-plate.com\/es\/wp-json\/wp\/v2\/pages\/12164\/revisions"}],"predecessor-version":[{"id":12195,"href":"https:\/\/www.steel-plate.com\/es\/wp-json\/wp\/v2\/pages\/12164\/revisions\/12195"}],"wp:attachment":[{"href":"https:\/\/www.steel-plate.com\/es\/wp-json\/wp\/v2\/media?parent=12164"}],"curies":[{"name":"wp","href":"https:\/\/api.w.org\/{rel}","templated":true}]}}