{"id":18,"date":"2017-06-10T08:25:52","date_gmt":"2017-06-10T08:25:52","guid":{"rendered":"http:\/\/xtratheme.comconstruction\/?page_id=10"},"modified":"2026-01-16T08:25:18","modified_gmt":"2026-01-16T08:25:18","slug":"contact-us","status":"publish","type":"page","link":"https:\/\/www.steel-plate.com\/es\/contact-us\/","title":{"rendered":"Contact"},"content":{"rendered":"\t\t<div data-elementor-type=\"wp-page\" data-elementor-id=\"18\" class=\"elementor elementor-18\" data-elementor-post-type=\"page\">\n\t\t\t\t\t\t<section class=\"elementor-section elementor-top-section elementor-element elementor-element-b41ceb1 elementor-section-boxed elementor-section-height-default elementor-section-height-default\" data-id=\"b41ceb1\" data-element_type=\"section\" data-e-type=\"section\">\n\t\t\t\t\t\t<div class=\"elementor-container elementor-column-gap-default\">\n\t\t\t\t\t<div class=\"elementor-column elementor-col-33 elementor-top-column elementor-element elementor-element-44c4fe0\" data-id=\"44c4fe0\" data-element_type=\"column\" data-e-type=\"column\">\n\t\t\t<div class=\"elementor-widget-wrap elementor-element-populated\">\n\t\t\t\t\t\t<div class=\"elementor-element elementor-element-0d9a19c elementor-widget elementor-widget-cz_title\" data-id=\"0d9a19c\" data-element_type=\"widget\" data-e-type=\"widget\" data-widget_type=\"cz_title.default\">\n\t\t\t\t<div class=\"elementor-widget-container\">\n\t\t\t\t\t\t\r\n\t\t<div>\r\n\t\t\t<div class=\"cz_title clr cz_mobile_text_center cz_title_has_icon cz_title_pos_inline\"><a href=\"mailto:info@xtraconstru.com\"><div class=\"cz_title_content\"><i class=\"cz_title_icon_before fa fa-envelope-o\"><\/i><div class=\"cz_wpe_content\"><h3><span style=\"color: #041c3f;\">Email<\/span><\/h3><p><span data-slate-fragment=\"JTVCJTdCJTIydHlwZSUyMiUzQSUyMnBhcmFncmFwaCUyMiUyQyUyMmNoaWxkcmVuJTIyJTNBJTVCJTdCJTIyaWQlMjIlM0ElMjJCdm1ETlhXMGt6JTIyJTJDJTIycGFyYUlkeCUyMiUzQTAlMkMlMjJzcmMlMjIlM0ElMjJ6aGFuZ2xpcGluZ2RhdmlkNjY2JTQwZ21haWwuY29tJTIyJTJDJTIyZHN0JTIyJTNBJTIyemhhbmdsaXBpbmdkYXZpZDY2NiU0MGdtYWlsLmNvbSUyMiUyQyUyMm1ldGFkYXRhJTIyJTNBJTIyJTIyJTJDJTIybWF0Y2hlcyUyMiUzQW51bGwlMkMlMjJ0cmFuc2xhdGVkQnklMjIlM0FudWxsJTJDJTIybWV0YURhdGElMjIlM0ElNUIlNUQlMkMlMjJ0ZXh0JTIyJTNBJTIyemhhbmdsaXBpbmdkYXZpZDY2NiU0MGdtYWlsLmNvbSUyMiU3RCU1RCU3RCU1RA==\">zhanglipingdavid666@gmail.com<\/span><\/p><\/div><\/div><\/a><\/div>\r\n\t\t<\/div>\r\n\t\t\r\n\t\t\t\t\t\t<\/div>\n\t\t\t\t<\/div>\n\t\t\t\t\t<\/div>\n\t\t<\/div>\n\t\t\t\t<div class=\"elementor-column elementor-col-33 elementor-top-column elementor-element elementor-element-7c50fb6\" data-id=\"7c50fb6\" data-element_type=\"column\" data-e-type=\"column\">\n\t\t\t<div class=\"elementor-widget-wrap elementor-element-populated\">\n\t\t\t\t\t\t<div class=\"elementor-element elementor-element-6f76126 elementor-widget elementor-widget-cz_title\" data-id=\"6f76126\" data-element_type=\"widget\" data-e-type=\"widget\" data-widget_type=\"cz_title.default\">\n\t\t\t\t<div class=\"elementor-widget-container\">\n\t\t\t\t\t\t\r\n\t\t<div>\r\n\t\t\t<div class=\"cz_title clr cz_mobile_text_center cz_title_has_icon cz_title_pos_inline\"><a href=\"tel:+1800333445\"><div class=\"cz_title_content\"><i class=\"cz_title_icon_before fa fa-volume-control-phone\"><\/i><div class=\"cz_wpe_content\"><h3>Phone<\/h3><p><span data-slate-fragment=\"JTVCJTdCJTIydHlwZSUyMiUzQSUyMnBhcmFncmFwaCUyMiUyQyUyMmNoaWxkcmVuJTIyJTNBJTVCJTdCJTIyaWQlMjIlM0ElMjJlS0pEOGtMeGdCJTIyJTJDJTIycGFyYUlkeCUyMiUzQTAlMkMlMjJzcmMlMjIlM0ElMjIlRTQlQjglQUQlRTUlOUIlQkQlRTUlQjElQjElRTQlQjglOUMlRTglODElOEElRTUlOUYlOEUlRTUlQjglODIlMjIlMkMlMjJkc3QlMjIlM0ElMjJMaWFvY2hlbmclMjBDaXR5JTJDJTIwU2hhbmRvbmclMjBQcm92aW5jZSUyQyUyMENoaW5hJTIyJTJDJTIybWV0YWRhdGElMjIlM0ElMjIlMjIlMkMlMjJtYXRjaGVzJTIyJTNBbnVsbCUyQyUyMnRyYW5zbGF0ZWRCeSUyMiUzQW51bGwlMkMlMjJtZXRhRGF0YSUyMiUzQSU1QiU1RCUyQyUyMnRleHQlMjIlM0ElMjIxNTMxNzcwMzI5MSUyMiU3RCU1RCU3RCU1RA==\">15317703291<\/span><\/p><\/div><\/div><\/a><\/div>\r\n\t\t<\/div>\r\n\t\t\r\n\t\t\t\t\t\t<\/div>\n\t\t\t\t<\/div>\n\t\t\t\t\t<\/div>\n\t\t<\/div>\n\t\t\t\t<div class=\"elementor-column elementor-col-33 elementor-top-column elementor-element elementor-element-36c756b\" data-id=\"36c756b\" data-element_type=\"column\" data-e-type=\"column\">\n\t\t\t<div class=\"elementor-widget-wrap elementor-element-populated\">\n\t\t\t\t\t\t<div class=\"elementor-element elementor-element-5293798 elementor-widget elementor-widget-cz_title\" data-id=\"5293798\" data-element_type=\"widget\" data-e-type=\"widget\" data-widget_type=\"cz_title.default\">\n\t\t\t\t<div class=\"elementor-widget-container\">\n\t\t\t\t\t\t\r\n\t\t<div>\r\n\t\t\t<div class=\"cz_title clr cz_mobile_text_center cz_title_has_icon cz_title_pos_inline\"><a href=\"tel:+1800333445\"><div class=\"cz_title_content\"><i class=\"cz_title_icon_before fa fa-map-marker\"><\/i><div class=\"cz_wpe_content\"><h3>Address<\/h3><p>Liaocheng City, Shandong Province, China<\/p><\/div><\/div><\/a><\/div>\r\n\t\t<\/div>\r\n\t\t\r\n\t\t\t\t\t\t<\/div>\n\t\t\t\t<\/div>\n\t\t\t\t\t<\/div>\n\t\t<\/div>\n\t\t\t\t\t<\/div>\n\t\t<\/section>\n\t\t\t\t<section class=\"elementor-section elementor-top-section elementor-element elementor-element-2e07bc8 elementor-section-boxed elementor-section-height-default elementor-section-height-default\" data-id=\"2e07bc8\" data-element_type=\"section\" data-e-type=\"section\" data-settings=\"{&quot;background_background&quot;:&quot;classic&quot;}\">\n\t\t\t\t\t\t<div class=\"elementor-container elementor-column-gap-default\">\n\t\t\t\t\t<div class=\"elementor-column elementor-col-50 elementor-top-column elementor-element elementor-element-847ac27\" data-id=\"847ac27\" data-element_type=\"column\" data-e-type=\"column\">\n\t\t\t<div class=\"elementor-widget-wrap elementor-element-populated\">\n\t\t\t\t\t\t<div class=\"elementor-element elementor-element-d3b8c9d elementor-widget elementor-widget-cz_title\" data-id=\"d3b8c9d\" data-element_type=\"widget\" data-e-type=\"widget\" data-widget_type=\"cz_title.default\">\n\t\t\t\t<div class=\"elementor-widget-container\">\n\t\t\t\t\t\t\r\n\t\t<div>\r\n\t\t\t<div class=\"cz_title clr cz_mobile_text_center cz_title_pos_inline\"><div class=\"cz_title_content\"><div class=\"cz_wpe_content\"><h3><span style=\"font-size: 24px;\">Send your messages via below form<\/span><\/h3><\/div><\/div><\/div>\r\n\t\t<\/div>\r\n\t\t\r\n\t\t\t\t\t\t<\/div>\n\t\t\t\t<\/div>\n\t\t\t\t<div class=\"elementor-element elementor-element-a67d408 fluentform-widget-submit-button-full-width elementor-widget elementor-widget-fluent-form-widget\" data-id=\"a67d408\" data-element_type=\"widget\" data-e-type=\"widget\" data-widget_type=\"fluent-form-widget.default\">\n\t\t\t\t<div class=\"elementor-widget-container\">\n\t\t\t\t\t\n            <div class=\"fluentform-widget-wrapper hide-fluent-form-labels fluentform-widget-align-default\">\n\n            \n            <div class='fluentform ff-default fluentform_wrapper_1 ffs_default_wrap'><form data-form_id=\"1\" id=\"fluentform_1\" class=\"frm-fluent-form fluent_form_1 ff-el-form-top ff_form_instance_1_1 ff-form-loading ffs_default\" data-form_instance=\"ff_form_instance_1_1\" method=\"POST\" ><fieldset  style=\"border: none!important;margin: 0!important;padding: 0!important;background-color: transparent!important;box-shadow: none!important;outline: none!important; min-inline-size: 100%;\">\n                    <legend class=\"ff_screen_reader_title\" style=\"display: block; margin: 0!important;padding: 0!important;height: 0!important;text-indent: -999999px;width: 0!important;overflow:hidden;\">Side Contact Form<\/legend><input type='hidden' name='__fluent_form_embded_post_id' value='18' \/><input type=\"hidden\" id=\"_fluentform_1_fluentformnonce\" name=\"_fluentform_1_fluentformnonce\" value=\"4d8f602359\" \/><input type=\"hidden\" name=\"_wp_http_referer\" value=\"\/es\/wp-json\/wp\/v2\/pages\/18\" \/><div data-type=\"name-element\" data-name=\"names\" class=\" ff-field_container ff-name-field-wrapper\" ><div class='ff-t-container'><div class='ff-t-cell '><div class='ff-el-group'><div class='ff-el-input--content'><input type=\"text\" name=\"names[first_name]\" id=\"ff_1_names_first_name_\" class=\"ff-el-form-control\" placeholder=\"Your Name\" aria-invalid=\"false\" aria-required=true><\/div><\/div><\/div><\/div><\/div><div class='ff-el-group'><div class='ff-el-input--content'><input type=\"email\" name=\"email\" id=\"ff_1_email\" class=\"ff-el-form-control\" placeholder=\"Your Email Address\" data-name=\"email\"  aria-invalid=\"false\" aria-required=true><\/div><\/div><div class='ff-el-group'><div class=\"ff-el-input--label ff-el-is-required asterisk-right\"><label for='ff_1_country-list' id='label_ff_1_country-list' aria-label=\"Your Country\">Your Country<\/label><\/div><div class='ff-el-input--content'><select name=\"country-list\" id=\"ff_1_country-list\" class=\"ff-el-form-control\" placeholder=\"Your Country\" data-name=\"country-list\" aria-invalid='false' aria-required=true><option value=''>Your Country<\/option><option value='AF' >Afganist\u00e1n<\/option><option value='AL' >Albania<\/option><option value='DE' >Alemania<\/option><option value='AD' >Andorra<\/option><option value='AO' >Angola<\/option><option value='AI' >Anguilla<\/option><option value='AG' >Antigua y Barbuda<\/option><option value='AQ' >Ant\u00e1rtida<\/option><option value='SA' >Arabia Saudita<\/option><option value='DZ' >Argelia<\/option><option value='AR' >Argentina<\/option><option value='AM' >Armenia<\/option><option value='AW' >Aruba<\/option><option value='AU' >Australia<\/option><option value='AT' >Austria<\/option><option value='AZ' >Azerbaijan<\/option><option value='BS' >Bahamas<\/option><option value='BH' >Bahrain<\/option><option value='BD' >Bangladesh<\/option><option value='BB' >Barbados<\/option><option value='BZ' >Belize<\/option><option value='BJ' >Benin<\/option><option value='BM' >Bermuda<\/option><option value='BT' >Bhutan<\/option><option value='BY' >Bielorrusia<\/option><option value='MM' >Birmania<\/option><option value='BO' >Bolivia<\/option><option value='BQ' >Bonaire, San Eustaquio y Saba<\/option><option value='BA' >Bosnia y Herzegovina<\/option><option value='BW' >Botswana<\/option><option value='BR' >Brasil<\/option><option value='BN' >Brun\u00e9i<\/option><option value='BG' >Bulgaria<\/option><option value='BF' >Burkina Faso<\/option><option value='BI' >Burundi<\/option><option value='BE' >B\u00e9lgica<\/option><option value='CV' >Cabo Verde<\/option><option value='KH' >Camboya<\/option><option value='CM' >Camer\u00fan<\/option><option value='CA' >Canad\u00e1<\/option><option value='TD' >Chad<\/option><option value='CL' >Chile<\/option><option value='CN' >China<\/option><option value='CY' >Chipre<\/option><option value='VA' >Ciudad del Vaticano<\/option><option value='CO' >Colombia<\/option><option value='KM' >Comoras<\/option><option value='KP' >Corea del Norte<\/option><option value='KR' >Corea del Sur<\/option><option value='CR' >Costa Rica<\/option><option value='CI' >Costa de Marfil<\/option><option value='HR' >Croacia<\/option><option value='CU' >Cuba<\/option><option value='CW' >Cura\u00e7ao<\/option><option value='DK' >Dinamarca<\/option><option value='DJ' >Djibouti<\/option><option value='DM' >Dominica<\/option><option value='EC' >Ecuador<\/option><option value='EG' >Egipto<\/option><option value='SV' >El Salvador<\/option><option value='AE' >Emiratos \u00c1rabes Unidos<\/option><option value='ER' >Eritrea<\/option><option value='SK' >Eslovaquia<\/option><option value='SI' >Eslovenia<\/option><option value='ES' >Espa\u00f1a<\/option><option value='VI' >Estados Unidos (EE.UU.) Islas V\u00edrgenes<\/option><option value='US' >Estados Unidos (EEUU)<\/option><option value='EE' >Estonia<\/option><option value='SZ' >Eswatini<\/option><option value='ET' >Etiop\u00eda<\/option><option value='PH' >Filipinas<\/option><option value='FI' >Finlandia<\/option><option value='FJ' >Fiyi<\/option><option value='FR' >Francia<\/option><option value='GA' >Gab\u00f3n<\/option><option value='GM' >Gambia<\/option><option value='GE' >Georgia<\/option><option value='GH' >Ghana<\/option><option value='GI' >Gibraltar<\/option><option value='GD' >Granada<\/option><option value='GR' >Grecia<\/option><option value='GL' >Groenlandia<\/option><option value='GP' >Guadalupe<\/option><option value='GU' >Guam<\/option><option value='GT' >Guatemala<\/option><option value='GF' >Guayana Francesa<\/option><option value='GG' >Guernsey<\/option><option value='GN' >Guinea<\/option><option value='GQ' >Guinea Ecuatorial<\/option><option value='GW' >Guinea-Bis\u00e1u<\/option><option value='GY' >Guyana<\/option><option value='HT' >Hait\u00ed<\/option><option value='HN' >Honduras<\/option><option value='HK' >Hong Kong<\/option><option value='HU' >Hungr\u00eda<\/option><option value='IN' >India<\/option><option value='ID' >Indonesia<\/option><option value='IQ' >Irak<\/option><option value='IE' >Irlanda<\/option><option value='IR' >Ir\u00e1n<\/option><option value='BV' >Isla Bouvet<\/option><option value='NF' >Isla Norfolk<\/option><option value='SH' >Isla Santa Elena<\/option><option value='IM' >Isla de Man<\/option><option value='CX' >Isla de Navidad<\/option><option value='IS' >Islandia<\/option><option value='AX' >Islas Aland<\/option><option value='KY' >Islas Caim\u00e1n<\/option><option value='CC' >Islas Cocos<\/option><option value='CK' >Islas Cook<\/option><option value='FO' >Islas Feroe<\/option><option value='GS' >Islas Georgias y Sandwich del Sur<\/option><option value='HM' >Islas Heard y McDonald<\/option><option value='FK' >Islas Malvinas<\/option><option value='MP' >Islas Marianas del Norte<\/option><option value='MH' >Islas Marshall<\/option><option value='SB' >Islas Salom\u00f3n<\/option><option value='TC' >Islas Turcas y Caicos<\/option><option value='VG' >Islas V\u00edrgenes Brit\u00e1nicas<\/option><option value='UM' >Islas de ultramar menores de Estados Unidos (EEUU)<\/option><option value='IL' >Israel<\/option><option value='IT' >Italia<\/option><option value='JM' >Jamaica<\/option><option value='JP' >Jap\u00f3n<\/option><option value='JE' >Jersey<\/option><option value='JO' >Jordania<\/option><option value='KZ' >Kazajist\u00e1n<\/option><option value='KE' >Kenia<\/option><option value='KG' >Kirguist\u00e1n<\/option><option value='KI' >Kiribati<\/option><option value='XK' >Kosovo<\/option><option value='KW' >Kuwait<\/option><option value='LA' >Laos<\/option><option value='LS' >Lesoto<\/option><option value='LV' >Letonia<\/option><option value='LR' >Liberia<\/option><option value='LY' >Libia<\/option><option value='LI' >Liechtenstein<\/option><option value='LT' >Lituania<\/option><option value='LU' >Luxemburgo<\/option><option value='LB' >L\u00edbano<\/option><option value='MO' >Macao<\/option><option value='MG' >Madagascar<\/option><option value='MY' >Malasia<\/option><option value='MW' >Malaui<\/option><option value='MV' >Maldivas<\/option><option value='MT' >Malta<\/option><option value='ML' >Mal\u00ed<\/option><option value='MA' >Marruecos<\/option><option value='MQ' >Martinica<\/option><option value='MU' >Mauricio<\/option><option value='MR' >Mauritania<\/option><option value='YT' >Mayotte<\/option><option value='FM' >Micronesia<\/option><option value='MD' >Moldavia<\/option><option value='MN' >Mongolia<\/option><option value='ME' >Montenegro<\/option><option value='MS' >Montserrat<\/option><option value='MZ' >Mozambique<\/option><option value='MX' >M\u00e9xico<\/option><option value='MC' >M\u00f3naco<\/option><option value='NA' >Namibia<\/option><option value='NR' >Nauru<\/option><option value='NP' >Nepal<\/option><option value='NI' >Nicaragua<\/option><option value='NG' >Nigeria<\/option><option value='NU' >Niue<\/option><option value='MK' >North Macedonia<\/option><option value='NO' >Noruega<\/option><option value='NC' >Nueva Caledonia<\/option><option value='NZ' >Nueva Zelanda<\/option><option value='NE' >N\u00edger<\/option><option value='OM' >Om\u00e1n<\/option><option value='PK' >Pakist\u00e1n<\/option><option value='PW' >Palau<\/option><option value='PA' >Panam\u00e1<\/option><option value='PG' >Pap\u00faa Nueva Guinea<\/option><option value='PY' >Paraguay<\/option><option value='NL' >Pa\u00edses Bajos<\/option><option value='PE' >Per\u00fa<\/option><option value='PN' >Pitcairn<\/option><option value='PF' >Polinesia Francesa<\/option><option value='PL' >Polonia<\/option><option value='PT' >Portugal<\/option><option value='PR' >Puerto Rico<\/option><option value='QA' >Qatar<\/option><option value='GB' >Reino Unido (UK)<\/option><option value='CF' >Rep\u00fablica Centroafricana<\/option><option value='CZ' >Rep\u00fablica Checa<\/option><option value='CD' >Rep\u00fablica Democr\u00e1tica del Congo (Kinshasa)<\/option><option value='DO' >Rep\u00fablica Dominicana<\/option><option value='CG' >Rep\u00fablica del Congo (Brazzaville)<\/option><option value='RE' >Reuni\u00f3n<\/option><option value='RW' >Ruanda<\/option><option value='RO' >Rumania<\/option><option value='RU' >Rusia<\/option><option value='EH' >Sahara Occidental<\/option><option value='BL' >Saint Barth\u00e9lemy<\/option><option value='WS' >Samoa<\/option><option value='AS' >Samoa Americana<\/option><option value='KN' >San Crist\u00f3bal y Nieves<\/option><option value='SM' >San Marino<\/option><option value='SX' >San Mart\u00edn (Pa\u00edses Bajos)<\/option><option value='MF' >San Mart\u00edn (parte de Francia)<\/option><option value='PM' >San Pedro y Miquel\u00f3n<\/option><option value='VC' >San Vicente y las Granadinas<\/option><option value='LC' >Santa Luc\u00eda<\/option><option value='ST' >Santo Tom\u00e9 y Pr\u00edncipe<\/option><option value='SN' >Senegal<\/option><option value='RS' >Serbia<\/option><option value='SC' >Seychelles<\/option><option value='SL' >Sierra Leona<\/option><option value='SG' >Singapur<\/option><option value='SY' >Siria<\/option><option value='SO' >Somalia<\/option><option value='LK' >Sri Lanka<\/option><option value='ZA' >Sud\u00e1frica<\/option><option value='SD' >Sud\u00e1n<\/option><option value='SS' >Sud\u00e1n del Sur<\/option><option value='SE' >Suecia<\/option><option value='CH' >Suiza<\/option><option value='SR' >Surinam<\/option><option value='SJ' >Svalbard y Jan Mayen<\/option><option value='TH' >Tailandia<\/option><option value='TW' >Taiw\u00e1n<\/option><option value='TZ' >Tanzania<\/option><option value='TJ' >Tayikist\u00e1n<\/option><option value='IO' >Territorio Brit\u00e1nico del Oc\u00e9ano \u00cdndico<\/option><option value='PS' >Territorios Palestinos<\/option><option value='TF' >Territorios australes franceses<\/option><option value='TL' >Timor Oriental<\/option><option value='TG' >Togo<\/option><option value='TK' >Tokelau<\/option><option value='TO' >Tonga<\/option><option value='TT' >Trinidad y Tobago<\/option><option value='TM' >Turkmenist\u00e1n<\/option><option value='TV' >Tuvalu<\/option><option value='TN' >T\u00fanez<\/option><option value='TR' >T\u00fcrkiye<\/option><option value='UA' >Ucrania<\/option><option value='UG' >Uganda<\/option><option value='UY' >Uruguay<\/option><option value='UZ' >Uzbekist\u00e1n<\/option><option value='VU' >Vanuatu<\/option><option value='VE' >Venezuela<\/option><option value='VN' >Vietnam<\/option><option value='WF' >Wallis y Futuna<\/option><option value='YE' >Yemen<\/option><option value='ZM' >Zambia<\/option><option value='ZW' >Zimbabue<\/option><\/select><\/div><\/div><div class='ff-el-group'><div class='ff-el-input--content'><input type=\"text\" name=\"input_text_2\" class=\"ff-el-form-control\" placeholder=\"Your Phone Number\" data-name=\"input_text_2\" id=\"ff_1_input_text_2\"  aria-invalid=\"false\" aria-required=true><\/div><\/div><div class='ff-el-group'><div class='ff-el-input--content'><textarea aria-required=\"true\" aria-labelledby=\"label_ff_1_message\" name=\"message\" id=\"ff_1_message\" class=\"ff-el-form-control\" placeholder=\"Please fill in your requirements we will contact you within 12 hours!\" rows=\"4\" cols=\"2\" data-name=\"message\" ><\/textarea><\/div><\/div><div class='ff-el-group ff-text-center ff_submit_btn_wrapper'><button type=\"submit\" class=\"ff-btn ff-btn-submit ff-btn-lg ff_btn_style\"  aria-label=\"Submit Form\">Submit Form<\/button><\/div><\/fieldset><\/form><div id='fluentform_1_errors' class='ff-errors-in-stack ff_form_instance_1_1 ff-form-loading_errors ff_form_instance_1_1_errors'><\/div><\/div>            <script type=\"text\/javascript\">\n                window.fluent_form_ff_form_instance_1_1 = {\"id\":\"1\",\"settings\":{\"layout\":{\"labelPlacement\":\"top\",\"helpMessagePlacement\":\"with_label\",\"errorMessagePlacement\":\"inline\",\"cssClassName\":\"\",\"asteriskPlacement\":\"asterisk-right\"},\"restrictions\":{\"denyEmptySubmission\":{\"enabled\":false}}},\"form_instance\":\"ff_form_instance_1_1\",\"form_id_selector\":\"fluentform_1\",\"rules\":{\"names[first_name]\":{\"required\":{\"value\":true,\"message\":\"This field is required\",\"global\":false,\"global_message\":\"This is a required field\"}},\"names[middle_name]\":{\"required\":{\"value\":false,\"message\":\"This field is required\",\"global\":false,\"global_message\":\"This is a required field\"}},\"names[last_name]\":{\"required\":{\"value\":false,\"message\":\"This field is required\",\"global\":false,\"global_message\":\"This is a required field\"}},\"email\":{\"required\":{\"value\":true,\"message\":\"This field is required\",\"global\":false,\"global_message\":\"This is a required field\"},\"email\":{\"value\":true,\"message\":\"This field must contain a valid email\",\"global\":false,\"global_message\":\"This field must contain a valid email address\"}},\"country-list\":{\"required\":{\"value\":true,\"message\":\"This is a required field\",\"global_message\":\"This is a required field\",\"global\":true}},\"input_text_2\":{\"required\":{\"value\":true,\"message\":\"This is a required field\",\"global_message\":\"This is a required field\",\"global\":true}},\"message\":{\"required\":{\"value\":true,\"message\":\"This field is required\",\"global\":false,\"global_message\":\"This is a required field\"}}},\"debounce_time\":300};\n                            <\/script>\n                        <\/div>\n\n            \t\t\t\t<\/div>\n\t\t\t\t<\/div>\n\t\t\t\t\t<\/div>\n\t\t<\/div>\n\t\t\t\t<div class=\"elementor-column elementor-col-50 elementor-top-column elementor-element elementor-element-168a32f\" data-id=\"168a32f\" data-element_type=\"column\" data-e-type=\"column\">\n\t\t\t<div class=\"elementor-widget-wrap elementor-element-populated\">\n\t\t\t\t\t\t<div class=\"elementor-element elementor-element-bf9b686 elementor-widget elementor-widget-text-editor\" data-id=\"bf9b686\" data-element_type=\"widget\" data-e-type=\"widget\" data-widget_type=\"text-editor.default\">\n\t\t\t\t\t\t\t\t\t<iframe src=\"https:\/\/www.google.com\/maps\/embed?pb=!1m18!1m12!1m3!1d205418.19774865496!2d115.82149100698253!3d36.44161923572767!2m3!1f0!2f0!3f0!3m2!1i1024!2i768!4f13.1!3m3!1m2!1s0x35c2d8ed474e7eb3%3A0x5565962081825b88!2z5Lit5Zu95bGx5Lic55yB6IGK5Z-O5biC!5e0!3m2!1szh-CN!2s!4v1764466143068!5m2!1szh-CN!2s\" width=\"700\" height=\"500\" style=\"border:0;\" allowfullscreen=\"\" loading=\"lazy\" referrerpolicy=\"no-referrer-when-downgrade\"><\/iframe>\t\t\t\t\t\t\t\t<\/div>\n\t\t\t\t\t<\/div>\n\t\t<\/div>\n\t\t\t\t\t<\/div>\n\t\t<\/section>\n\t\t\t\t<\/div>\n\t\t","protected":false},"excerpt":{"rendered":"<p>Email zhanglipingdavid666@gmail.com Phone 15317703291 Address Liaocheng City, Shandong Province, China Send &#8230; <\/p>","protected":false},"author":1,"featured_media":0,"parent":0,"menu_order":0,"comment_status":"closed","ping_status":"closed","template":"","meta":{"_acf_changed":false,"footnotes":""},"class_list":["post-18","page","type-page","status-publish","hentry"],"acf":[],"_hostinger_reach_plugin_has_subscription_block":false,"_hostinger_reach_plugin_is_elementor":false,"_links":{"self":[{"href":"https:\/\/www.steel-plate.com\/es\/wp-json\/wp\/v2\/pages\/18","targetHints":{"allow":["GET"]}}],"collection":[{"href":"https:\/\/www.steel-plate.com\/es\/wp-json\/wp\/v2\/pages"}],"about":[{"href":"https:\/\/www.steel-plate.com\/es\/wp-json\/wp\/v2\/types\/page"}],"author":[{"embeddable":true,"href":"https:\/\/www.steel-plate.com\/es\/wp-json\/wp\/v2\/users\/1"}],"replies":[{"embeddable":true,"href":"https:\/\/www.steel-plate.com\/es\/wp-json\/wp\/v2\/comments?post=18"}],"version-history":[{"count":24,"href":"https:\/\/www.steel-plate.com\/es\/wp-json\/wp\/v2\/pages\/18\/revisions"}],"predecessor-version":[{"id":12544,"href":"https:\/\/www.steel-plate.com\/es\/wp-json\/wp\/v2\/pages\/18\/revisions\/12544"}],"wp:attachment":[{"href":"https:\/\/www.steel-plate.com\/es\/wp-json\/wp\/v2\/media?parent=18"}],"curies":[{"name":"wp","href":"https:\/\/api.w.org\/{rel}","templated":true}]}}